{"id":3,"date":"2025-08-22T01:07:49","date_gmt":"2025-08-22T01:07:49","guid":{"rendered":"http:\/\/hinfo-cerseu-prueba.infinityfreeapp.com\/?page_id=3"},"modified":"2025-09-17T15:22:05","modified_gmt":"2025-09-17T15:22:05","slug":"politicas-de-privacidad","status":"publish","type":"page","link":"https:\/\/cerseusistemas.unmsm.edu.pe\/cerseu\/politicas-de-privacidad\/","title":{"rendered":"Pol\u00edticas de privacidad"},"content":{"rendered":"\n<h2 class=\"wp-block-heading\" id=\"who-we-are\"><\/h2>\n\n\n\n<h5 class=\"wp-block-heading\" id=\"1-objetivo\">1. OBJETIVO<\/h5>\n\n\n\n<p class=\"has-black-color has-text-color has-link-color wp-elements-f338d4f00208d6f2d40151c470386db9\">El objetivo de esta pol\u00edtica es establecer el compromiso de Cerseu Sistemas UNMSM en asegurar la reserva, protecci\u00f3n, tratamiento y uso adecuado de los datos personales recabados a trav\u00e9s de los servicios ofrecidos en nuestro sitio web.<\/p>\n\n\n\n<h5 class=\"wp-block-heading\" id=\"2-alcance\">2. ALCANCE<\/h5>\n\n\n\n<p class=\"has-black-color has-text-color has-link-color wp-elements-e0197691c852b165b4c823ae20402792\">Esta pol\u00edtica es aplicable a todos los servicios proporcionados a trav\u00e9s de nuestros portales web y cualquier otra plataforma administrada por Cerseu Sistemas UNMSM.<\/p>\n\n\n\n<h5 class=\"wp-block-heading\" id=\"3-referencias-normativas\">3. REFERENCIAS NORMATIVAS<\/h5>\n\n\n\n<p class=\"has-black-color has-text-color has-link-color wp-elements-8e67251038d4d6cfc6c2348cfffc3c2a\">3.1. Ley N\u00b0 29733 \u2013 Ley de Protecci\u00f3n de Datos Personales.<br>3.2. D.S. N\u00b0 003-2013-JUS \u2013 Reglamento de la Ley N\u00b0 29733.<\/p>\n\n\n\n<h5 class=\"wp-block-heading\" id=\"4-principios-rectores\">4. PRINCIPIOS RECTORES<\/h5>\n\n\n\n<p class=\"has-black-color has-text-color has-link-color wp-elements-dca9da122c2425c0bb64b86edb95dee8\">En Cerseu Sistemas UNMSM, nos comprometemos a cumplir con los principios fundamentales de protecci\u00f3n de datos personales, conforme a la legislaci\u00f3n vigente:<\/p>\n\n\n\n<p class=\"has-black-color has-text-color has-link-color wp-elements-36d95d310b978e8052c0eea88cae63a1\">4.1. Principio de legalidad: Se rechaza la recopilaci\u00f3n de datos personales por medios ilegales.<br>4.2. Principio de consentimiento: Obtendremos el consentimiento expreso e informado del usuario antes de tratar sus datos.<br>4.3. Principio de finalidad: Los datos ser\u00e1n tratados para fines espec\u00edficos, claros y leg\u00edtimos.<br>4.4. Principio de proporcionalidad: El tratamiento de datos ser\u00e1 adecuado y limitado a lo necesario para la finalidad.<br>4.5. Principio de calidad: Los datos ser\u00e1n ver\u00eddicos, exactos y actualizados, y se conservar\u00e1n solo por el tiempo necesario para cumplir con la finalidad para la que fueron recabados.<br>4.6. Principio de seguridad: Se implementar\u00e1n medidas de seguridad para proteger los datos personales de accesos no autorizados o uso indebido.<\/p>\n\n\n\n<h5 class=\"wp-block-heading\" id=\"5-definicion-de-datos-personales\">5. DEFINICI\u00d3N DE DATOS PERSONALES<\/h5>\n\n\n\n<p class=\"has-black-color has-text-color has-link-color wp-elements-36eb4b441e751cd1a713689553984510\">De acuerdo con la Ley N\u00b0 29733, se entiende por datos personales toda aquella informaci\u00f3n relacionada con personas naturales que las identifica o las hace identificables. Esta incluye, pero no se limita a, nombre, correo electr\u00f3nico, direcci\u00f3n, tel\u00e9fono, entre otros datos.<\/p>\n\n\n\n<h5 class=\"wp-block-heading\" id=\"6-titularidad-de-la-base-de-datos\">6. TITULARIDAD DE LA BASE DE DATOS<\/h5>\n\n\n\n<p class=\"has-black-color has-text-color has-link-color wp-elements-01d8b1a20d042f87625b10184bc1fa95\">Los datos personales recopilados a trav\u00e9s de nuestros portales ser\u00e1n almacenados en bases de datos de nuestra titularidad. Nos comprometemos a cumplir con las disposiciones legales correspondientes en cuanto a la protecci\u00f3n y gesti\u00f3n de estos datos.<\/p>\n\n\n\n<h5 class=\"wp-block-heading\" id=\"7-finalidades-del-tratamiento-de-la-informacion\">7. FINALIDADES DEL TRATAMIENTO DE LA INFORMACI\u00d3N<\/h5>\n\n\n\n<p class=\"has-black-color has-text-color has-link-color wp-elements-e5fc583ec88c59b94924cc3b9a3d0139\">7.1. Recoger y almacenar la informaci\u00f3n necesaria para brindar nuestros servicios de forma eficiente.<br>7.2. Utilizar los datos para contactarte y enviarte informaci\u00f3n relacionada con productos, servicios o actualizaciones.<br>7.3. Realizar an\u00e1lisis estad\u00edsticos para mejorar nuestros servicios y personalizar la experiencia de usuario.<br>7.4. Cumplir con obligaciones legales y contractuales.<\/p>\n\n\n\n<h5 class=\"wp-block-heading\" id=\"8-declaracion-de-privacidad\">8. DECLARACI\u00d3N DE PRIVACIDAD<\/h5>\n\n\n\n<p class=\"has-black-color has-text-color has-link-color wp-elements-748c5159a57917b8f6df3e004bba4f79\">En Cerseu Sistemas UNMSM, solo recopilamos datos personales cuando el usuario los proporciona voluntariamente. No procesamos ni transferimos datos personales sin el consentimiento previo del usuario.<\/p>\n\n\n\n<h5 class=\"wp-block-heading\" id=\"8-declaracion-de-privacidad\">9. SEGURIDAD Y CONFIDENCIALIDAD DE LOS DATOS<\/h5>\n\n\n\n<p class=\"has-black-color has-text-color has-link-color wp-elements-562a10fcb67c42e027dd5db00b9a0af5\">Nos comprometemos a adoptar medidas t\u00e9cnicas y organizativas adecuadas para proteger los datos personales que procesamos. Esto incluye el uso de tecnolog\u00edas de cifrado y medidas f\u00edsicas para evitar el acceso no autorizado o el mal uso de la informaci\u00f3n.<\/p>\n\n\n\n<h5 class=\"wp-block-heading\" id=\"8-declaracion-de-privacidad\">10. DERECHOS DE LOS USUARIOS (Derechos ARCO)<\/h5>\n\n\n\n<p class=\"has-black-color has-text-color has-link-color wp-elements-2c96922b5eac45e343792e97645c58f6\">10.1. Los usuarios tienen derecho a acceder, corregir, actualizar, suprimir o cancelar sus datos personales, as\u00ed como a oponerse a su tratamiento en cualquier momento. Para ejercer estos derechos, pueden contactar con nosotros a trav\u00e9s de cursoscerseu.fisi@unmsm.edu.pe o en la direcci\u00f3n Av. Amezaga, Lima 15081, Facultad de Ingenier\u00eda de Sistemas e Inform\u00e1tica.<\/p>\n\n\n\n<h5 class=\"wp-block-heading\" id=\"8-declaracion-de-privacidad\">11. CONSENTIMIENTO DEL USUARIO Y ACEPTACI\u00d3N DE LOS T\u00c9RMINOS<\/h5>\n\n\n\n<p class=\"has-black-color has-text-color has-link-color wp-elements-7ca0cc1ca1bfd6986be4fda588c256d3\">El usuario, al proporcionar sus datos personales, acepta y consiente el tratamiento de los mismos conforme a lo dispuesto en esta pol\u00edtica de privacidad. Este consentimiento es libre, informado, expreso e inequ\u00edvoco.<\/p>\n\n\n\n<p>.<\/p>\n\n\n\n<p><\/p>\n","protected":false},"excerpt":{"rendered":"<p>1. OBJETIVO El objetivo de esta pol\u00edtica es establecer el compromiso de Cerseu Sistemas UNMSM en asegurar la reserva, protecci\u00f3n, tratamiento y uso adecuado de los datos personales recabados a trav\u00e9s de los servicios ofrecidos en nuestro sitio web. 2. ALCANCE Esta pol\u00edtica es aplicable a todos los servicios proporcionados a trav\u00e9s de nuestros portales [&hellip;]<\/p>\n","protected":false},"author":1,"featured_media":0,"parent":0,"menu_order":0,"comment_status":"closed","ping_status":"closed","template":"","meta":{"_gspb_post_css":"","_uag_custom_page_level_css":"","footnotes":""},"class_list":["post-3","page","type-page","status-publish","hentry"],"blocksy_meta":[],"uagb_featured_image_src":{"full":false,"thumbnail":false,"medium":false,"medium_large":false,"large":false,"1536x1536":false,"2048x2048":false},"uagb_author_info":{"display_name":"admin","author_link":"https:\/\/cerseusistemas.unmsm.edu.pe\/cerseu\/author\/admin\/"},"uagb_comment_info":0,"uagb_excerpt":"1. OBJETIVO El objetivo de esta pol\u00edtica es establecer el compromiso de Cerseu Sistemas UNMSM en asegurar la reserva, protecci\u00f3n, tratamiento y uso adecuado de los datos personales recabados a trav\u00e9s de los servicios ofrecidos en nuestro sitio web. 2. ALCANCE Esta pol\u00edtica es aplicable a todos los servicios proporcionados a trav\u00e9s de nuestros portales&hellip;","_links":{"self":[{"href":"https:\/\/cerseusistemas.unmsm.edu.pe\/cerseu\/wp-json\/wp\/v2\/pages\/3","targetHints":{"allow":["GET"]}}],"collection":[{"href":"https:\/\/cerseusistemas.unmsm.edu.pe\/cerseu\/wp-json\/wp\/v2\/pages"}],"about":[{"href":"https:\/\/cerseusistemas.unmsm.edu.pe\/cerseu\/wp-json\/wp\/v2\/types\/page"}],"author":[{"embeddable":true,"href":"https:\/\/cerseusistemas.unmsm.edu.pe\/cerseu\/wp-json\/wp\/v2\/users\/1"}],"replies":[{"embeddable":true,"href":"https:\/\/cerseusistemas.unmsm.edu.pe\/cerseu\/wp-json\/wp\/v2\/comments?post=3"}],"version-history":[{"count":7,"href":"https:\/\/cerseusistemas.unmsm.edu.pe\/cerseu\/wp-json\/wp\/v2\/pages\/3\/revisions"}],"predecessor-version":[{"id":776,"href":"https:\/\/cerseusistemas.unmsm.edu.pe\/cerseu\/wp-json\/wp\/v2\/pages\/3\/revisions\/776"}],"wp:attachment":[{"href":"https:\/\/cerseusistemas.unmsm.edu.pe\/cerseu\/wp-json\/wp\/v2\/media?parent=3"}],"curies":[{"name":"wp","href":"https:\/\/api.w.org\/{rel}","templated":true}]}}